{"id":1612,"date":"2024-01-16T22:19:33","date_gmt":"2024-01-16T21:19:33","guid":{"rendered":"https:\/\/mobiler-familienservice.de\/?page_id=1612"},"modified":"2024-01-16T22:51:22","modified_gmt":"2024-01-16T21:51:22","slug":"helfen","status":"publish","type":"page","link":"https:\/\/mobiler-familienservice.de\/?page_id=1612","title":{"rendered":"Helfen"},"content":{"rendered":"\n<ul class=\"has-vivid-red-color has-text-color has-link-color wp-block-list wp-elements-beb168ce9bfdd53ad010ef257aceea96\">\n<li class=\"has-medium-font-size\"><mark style=\"background-color:rgba(0, 0, 0, 0)\" class=\"has-inline-color has-vivid-red-color\">Sie haben Zeit?<\/mark>\n<ul class=\"wp-block-list\">\n<li class=\"has-medium-font-size\"><mark style=\"background-color:rgba(0, 0, 0, 0)\" class=\"has-inline-color has-vivid-red-color\">Sie wollen sich sozial engagieren?<\/mark>\n<ul class=\"wp-block-list\">\n<li class=\"has-medium-font-size\"><mark style=\"background-color:rgba(0, 0, 0, 0)\" class=\"has-inline-color has-vivid-red-color\">Sie sind zuverl\u00e4ssig?<\/mark><\/li>\n<\/ul>\n<\/li>\n<\/ul>\n<\/li>\n<\/ul>\n\n\n\n<p class=\"has-black-color has-text-color has-link-color has-medium-font-size wp-elements-8af56ab4eab03aaf748b52737bd945fd\"><strong>Dann sind Sie bei uns richtig!<\/strong><\/p>\n\n\n\n<p class=\"has-black-color has-text-color has-link-color wp-elements-656a565a86c8ceb78fe03972440c96a4\">Wir suchen stetig engagierte Frauen jeden Alters, die stundenweise Senioren und Seniorinnen zu Hause betreuen oder sie im Haushalt unterst\u00fctzen.<\/p>\n\n\n\n<p class=\"has-black-color has-text-color has-link-color wp-elements-8201bf884f6cfbcd570cefa7a5188bb5\"><strong>Hierf\u00fcr sind keinerlei Vorkenntnisse notwendig, da keine pflegerischen T\u00e4tigkeiten vorgenommen werden!<\/strong><\/p>\n\n\n\n<p class=\"has-vivid-red-color has-text-color has-link-color wp-elements-39902d86ed2f605ca63cc5e4828fbdf0\"><strong>Was wir bieten:<\/strong><\/p>\n\n\n\n<ul class=\"has-black-color has-text-color has-link-color wp-block-list wp-elements-eef13e6aa2915874f7d2264b8e9d4d1f\">\n<li>Eine tolle Gemeinschaft mit \u00fcber 60 Helferinnen<\/li>\n\n\n\n<li>Zahlung einer stundenbasierten Aufwandsentsch\u00e4digung \u00fcber die \u00dcbungsleiterpauschale (max. 3.000 \u20ac \/ Jahr, steuerfrei)<\/li>\n\n\n\n<li>Regelm\u00e4\u00dfige Fortbildungsangebote (z.B. Umgang mit Demenz, Notfallhandeln, etc.)<\/li>\n\n\n\n<li>Schulung zum Alltagsbegleiter nach \u00a745 SGB XI<\/li>\n\n\n\n<li>Regelm\u00e4\u00dfiges Angebot von Supervisionen<\/li>\n\n\n\n<li>Viertelj\u00e4hrlicher Helferstammtisch<\/li>\n\n\n\n<li>Helferfeste wie z.B. Sommerfest und Jahresabschlussfeier<\/li>\n\n\n\n<li>Erhalt der Ehrenamtskarte m\u00f6glich<\/li>\n<\/ul>\n\n\n\n<p class=\"has-vivid-red-color has-text-color has-link-color wp-elements-00777481679a0dcb3f2fdf2b039d72df\"><strong>M\u00f6gliche T\u00e4tigkeiten sind z.B.:<\/strong><\/p>\n\n\n\n<ul class=\"has-black-color has-text-color has-link-color wp-block-list wp-elements-0eca1ec5552511c9dc57728eae6f1a91\">\n<li>Spiele \/ Unterhaltung \/ Gesellschaft leisten<\/li>\n\n\n\n<li>Ged\u00e4chtnistraining<\/li>\n\n\n\n<li>Caf\u00e9-Besuche \/ Ausfl\u00fcge<\/li>\n\n\n\n<li>Begleitung beim Arztbesuch<\/li>\n\n\n\n<li>Erledigungen \/ Eink\u00e4ufe<\/li>\n\n\n\n<li>Unterst\u00fctzung bei allt\u00e4glichen Hauhaltst\u00e4tigkeiten<\/li>\n\n\n\n<li>Kochen \/ B\u00fcgeln \/ W\u00e4sche waschen<\/li>\n<\/ul>\n\n\n\n<div style=\"height:30px\" aria-hidden=\"true\" class=\"wp-block-spacer\"><\/div>\n\n\n\n<p class=\"has-vivid-red-color has-text-color has-link-color has-medium-font-size wp-elements-9cf2513b26ea79a35dda88047089d36e\"><strong>Haben wir Ihre Interesse geweckt?<\/strong><\/p>\n\n\n\n<p class=\"has-black-color has-text-color has-link-color wp-elements-ce790f74de6dc66794f22226b6370793\">Dann f\u00fcllen Sie bitte das folgende Formular aus, wir werden Sie zeitnah kontaktieren!<\/p>\n\n\n\n<p class=\"has-black-color has-text-color has-link-color wp-elements-11ce2fdd4bd53af8cc17fcee6535ff13\"><strong>Vielen Dank!<\/strong><\/p>\n\n\n\n<div class=\"forminator-guttenberg\"><div class=\"forminator-ui forminator-custom-form forminator-custom-form-1621 forminator-design--default  forminator_ajax\" data-forminator-render=\"0\" data-form=\"forminator-module-1621\" data-uid=\"69d62b88332fd\"><br\/><\/div><form\n\t\t\t\tid=\"forminator-module-1621\"\n\t\t\t\tclass=\"forminator-ui forminator-custom-form forminator-custom-form-1621 forminator-design--default  forminator_ajax\"\n\t\t\t\tmethod=\"post\"\n\t\t\t\tdata-forminator-render=\"0\"\n\t\t\t\tdata-form-id=\"1621\"\n\t\t\t\t\n\t\t\t\tdata-design=\"default\"\n\t\t\t\t\n\t\t\t\t\n\t\t\t\t\n\t\t\t\tdata-grid=\"open\"\n\t\t\t\t\n\t\t\t\t\n\t\t\t\tstyle=\"display: none;\"\n\t\t\t\t\n\t\t\t\tdata-uid=\"69d62b88332fd\"\n\t\t\t><div role=\"alert\" aria-live=\"polite\" class=\"forminator-response-message forminator-error\" aria-hidden=\"true\"><\/div><div class=\"forminator-row\"><div id=\"name-1\" class=\"forminator-field-name forminator-col forminator-col-6 \"><div class=\"forminator-field\"><label for=\"forminator-field-name-1_69d62b88332fd\" id=\"forminator-field-name-1_69d62b88332fd-label\" class=\"forminator-label\">Vorname <span class=\"forminator-required\">*<\/span><\/label><input type=\"text\" name=\"name-1\" value=\"\" placeholder=\"z. B. Erika\" id=\"forminator-field-name-1_69d62b88332fd\" class=\"forminator-input forminator-name--field\" aria-required=\"true\" \/><\/div><\/div><div id=\"name-2\" class=\"forminator-field-name forminator-col forminator-col-6 \"><div class=\"forminator-field\"><label for=\"forminator-field-name-2_69d62b88332fd\" id=\"forminator-field-name-2_69d62b88332fd-label\" class=\"forminator-label\">Nachname <span class=\"forminator-required\">*<\/span><\/label><input type=\"text\" name=\"name-2\" value=\"\" placeholder=\"z. B. Mustermann\" id=\"forminator-field-name-2_69d62b88332fd\" class=\"forminator-input forminator-name--field\" aria-required=\"true\" \/><\/div><\/div><\/div><div class=\"forminator-row\"><div id=\"address-1\" class=\"forminator-field-address forminator-col forminator-col-12 \"><div class=\"forminator-row\"><div id=\"address-1-street_address\" class=\"forminator-col\"><div class=\"forminator-field\"><label for=\"forminator-field-address-1-street_address_69d62b88332fd\" id=\"forminator-field-address-1-street_address_69d62b88332fd-label\" class=\"forminator-label\">Stra\u00dfe und Hausnummer <span class=\"forminator-required\">*<\/span><\/label><input type=\"text\" name=\"address-1-street_address\" placeholder=\"z. B. Hauptstra\u00dfe 123\" id=\"forminator-field-address-1-street_address_69d62b88332fd\" class=\"forminator-input\" data-required=\"1\" aria-required=\"true\" value=\"\" \/><\/div><\/div><\/div><div class=\"forminator-row\" data-multiple=\"false\"><div id=\"address-1-city\" class=\"forminator-col forminator-col-12\"><div class=\"forminator-field\"><label for=\"forminator-field-address-1-city_69d62b88332fd\" id=\"forminator-field-address-1-city_69d62b88332fd-label\" class=\"forminator-label\">Stadt <span class=\"forminator-required\">*<\/span><\/label><input type=\"text\" name=\"address-1-city\" placeholder=\"z. B. M\u00fchldorf\" id=\"forminator-field-address-1-city_69d62b88332fd\" class=\"forminator-input\" data-required=\"1\" aria-required=\"true\" value=\"\" \/><\/div><\/div><\/div><div class=\"forminator-row\" data-multiple=\"false\"><div id=\"address-1-zip\" class=\"forminator-col forminator-col-12\"><div class=\"forminator-field\"><label for=\"forminator-field-address-1-zip_69d62b88332fd\" id=\"forminator-field-address-1-zip_69d62b88332fd-label\" class=\"forminator-label\">Postleitzahl <span class=\"forminator-required\">*<\/span><\/label><input type=\"text\" name=\"address-1-zip\" placeholder=\"z. B. 84453\" id=\"forminator-field-address-1-zip_69d62b88332fd\" class=\"forminator-input\" value=\"\" \/><\/div><\/div><\/div><\/div><\/div><div class=\"forminator-row\"><div id=\"phone-1\" class=\"forminator-field-phone forminator-col forminator-col-12 \"><div class=\"forminator-field\"><label for=\"forminator-field-phone-1_69d62b88332fd\" id=\"forminator-field-phone-1_69d62b88332fd-label\" class=\"forminator-label\">Telefonnummer <span class=\"forminator-required\">*<\/span><\/label><input type=\"text\" name=\"phone-1\" value=\"\" placeholder=\"z. B. +49 3004005000\" id=\"forminator-field-phone-1_69d62b88332fd\" class=\"forminator-input forminator-field--phone\" data-required=\"1\" aria-required=\"true\" autocomplete=\"off\" \/><\/div><\/div><\/div><div class=\"forminator-row\"><div id=\"email-1\" class=\"forminator-field-email forminator-col forminator-col-12 \"><div class=\"forminator-field\"><label for=\"forminator-field-email-1_69d62b88332fd\" id=\"forminator-field-email-1_69d62b88332fd-label\" class=\"forminator-label\">E-Mail-Adresse <span class=\"forminator-required\">*<\/span><\/label><input type=\"email\" name=\"email-1\" value=\"\" placeholder=\"z. B. erika@mustermann.de\" id=\"forminator-field-email-1_69d62b88332fd\" class=\"forminator-input forminator-email--field\" data-required=\"true\" aria-required=\"true\" \/><\/div><\/div><\/div><div class=\"forminator-row\"><div id=\"number-1\" class=\"forminator-field-number forminator-col forminator-col-12 \"><div class=\"forminator-field\"><label for=\"forminator-field-number-1_69d62b88332fd\" id=\"forminator-field-number-1_69d62b88332fd-label\" class=\"forminator-label\">Ihr Alter (optional)<\/label><input name=\"number-1\" value=\"\" placeholder=\"z.\u00a0B. 50\" id=\"forminator-field-number-1_69d62b88332fd\" class=\"forminator-input forminator-number--field\" inputmode=\"decimal\" data-required=\"\" data-decimals=\"0\" aria-required=\"false\" data-inputmask=\"&#039;groupSeparator&#039;: &#039;&#039;, &#039;radixPoint&#039;: &#039;&#039;, &#039;digits&#039;: &#039;0&#039;\" data-hidden-behavior=\"zero\" type=\"number\" step=\"any\" min=\"1\" max=\"99\" \/><\/div><\/div><\/div><div class=\"forminator-row\"><div id=\"textarea-1\" class=\"forminator-field-textarea forminator-col forminator-col-12 \"><div class=\"forminator-field\"><label for=\"forminator-field-textarea-1_69d62b88332fd\" id=\"forminator-field-textarea-1_69d62b88332fd-label\" class=\"forminator-label\">Ihre Nachricht an uns<\/label><textarea name=\"textarea-1\" placeholder=\"Geben Sie hier Ihre Nachricht ein...\" id=\"forminator-field-textarea-1_69d62b88332fd\" class=\"forminator-textarea\" rows=\"6\" style=\"min-height:140px;\" maxlength=\"2000\" ><\/textarea><span id=\"forminator-field-textarea-1_69d62b88332fd-description\" class=\"forminator-description\"><span data-limit=\"2000\" data-type=\"characters\" data-editor=\"\">0 \/ 2000<\/span><\/span><\/div><\/div><\/div><input type=\"hidden\" name=\"referer_url\" value=\"\" \/><div class=\"forminator-row forminator-row-last\"><div class=\"forminator-col\"><div class=\"forminator-field\"><button class=\"forminator-button forminator-button-submit\">Nachricht senden<\/button><\/div><\/div><\/div><input type=\"hidden\" id=\"forminator_nonce\" name=\"forminator_nonce\" value=\"63cec4fae3\" \/><input type=\"hidden\" name=\"_wp_http_referer\" value=\"\/index.php?rest_route=%2Fwp%2Fv2%2Fpages%2F1612\" \/><input type=\"hidden\" name=\"form_id\" value=\"1621\"><input type=\"hidden\" name=\"page_id\" value=\"1612\"><input type=\"hidden\" name=\"form_type\" value=\"default\"><input type=\"hidden\" name=\"current_url\" value=\"https:\/\/mobiler-familienservice.de\/?page_id=1612\"><input type=\"hidden\" name=\"render_id\" value=\"0\"><input type=\"hidden\" name=\"action\" value=\"forminator_submit_form_custom-forms\"><\/form><\/div>\n","protected":false},"excerpt":{"rendered":"<p>Dann sind Sie bei uns richtig! Wir suchen stetig engagierte Frauen jeden Alters, die stundenweise Senioren und Seniorinnen zu Hause betreuen oder sie im Haushalt unterst\u00fctzen. Hierf\u00fcr sind keinerlei Vorkenntnisse &#8230;<\/p>\n","protected":false},"author":1,"featured_media":0,"parent":0,"menu_order":0,"comment_status":"closed","ping_status":"closed","template":"","meta":{"footnotes":""},"class_list":["post-1612","page","type-page","status-publish","hentry"],"_links":{"self":[{"href":"https:\/\/mobiler-familienservice.de\/index.php?rest_route=\/wp\/v2\/pages\/1612","targetHints":{"allow":["GET"]}}],"collection":[{"href":"https:\/\/mobiler-familienservice.de\/index.php?rest_route=\/wp\/v2\/pages"}],"about":[{"href":"https:\/\/mobiler-familienservice.de\/index.php?rest_route=\/wp\/v2\/types\/page"}],"author":[{"embeddable":true,"href":"https:\/\/mobiler-familienservice.de\/index.php?rest_route=\/wp\/v2\/users\/1"}],"replies":[{"embeddable":true,"href":"https:\/\/mobiler-familienservice.de\/index.php?rest_route=%2Fwp%2Fv2%2Fcomments&post=1612"}],"version-history":[{"count":6,"href":"https:\/\/mobiler-familienservice.de\/index.php?rest_route=\/wp\/v2\/pages\/1612\/revisions"}],"predecessor-version":[{"id":1624,"href":"https:\/\/mobiler-familienservice.de\/index.php?rest_route=\/wp\/v2\/pages\/1612\/revisions\/1624"}],"wp:attachment":[{"href":"https:\/\/mobiler-familienservice.de\/index.php?rest_route=%2Fwp%2Fv2%2Fmedia&parent=1612"}],"curies":[{"name":"wp","href":"https:\/\/api.w.org\/{rel}","templated":true}]}}